{"id":5142,"date":"2021-05-27T07:40:45","date_gmt":"2021-05-27T07:40:45","guid":{"rendered":"https:\/\/www.adacyte.com\/areas-terapeuticas\/"},"modified":"2021-05-27T07:40:52","modified_gmt":"2021-05-27T07:40:52","slug":"areas-terapeuticas","status":"publish","type":"page","link":"https:\/\/www.adacyte.com\/es\/areas-terapeuticas\/","title":{"rendered":"\u00c1reas terap\u00e9uticas"},"content":{"rendered":"<div class=\"post-content max-w-987 mx-auto px-20 lg:px-0\">\n<p>Solo en Europa, las enfermedades autoinmunes afectan a m\u00e1s de 27 millones de personas.<\/p>\n<\/div><div class=\"post-content max-w-987 mx-auto px-20 lg:px-0\">\n<p>La af\u00e9resis terap\u00e9utica, consistente en la adsorci\u00f3n de granulocitos y monocitos\/macr\u00f3fagos (GMA), est\u00e1 indicada para el tratamiento de varias enfermedades autoinmunes (EA). Una EA es una patolog\u00eda en la que el sistema inmunitario se convierte en el agresor del propio organismo, atacando y destruyendo \u00f3rganos sanos.<\/p>\n<\/div><div class=\"post-content max-w-987 mx-auto px-20 lg:px-0\">\n<p>Hay m\u00e1s de 80 EA descritas entre las que prevalecen la artritis reumatoide, la psoriasis pustulosa, el lupus eritematoso sist\u00e9mico y la enfermedad inflamatoria intestinal.<\/p>\n<\/div>","protected":false},"excerpt":{"rendered":"<p>Solo en Europa, las enfermedades autoinmunes afectan a m\u00e1s de 27 millones de personas. La af\u00e9resis terap\u00e9utica, consistente en la adsorci\u00f3n de granulocitos y monocitos\/macr\u00f3fagos (GMA), est\u00e1 indicada para el tratamiento de varias enfermedades autoinmunes (EA). Una EA es una patolog\u00eda en la que el sistema inmunitario se convierte en el agresor del propio organismo, [&hellip;]<\/p>\n","protected":false},"author":3,"featured_media":0,"parent":0,"menu_order":0,"comment_status":"closed","ping_status":"closed","template":"page-therapeutic-areas.php","meta":{"footnotes":""},"class_list":["post-5142","page","type-page","status-publish","hentry"],"acf":[],"yoast_head":"<!-- This site is optimized with the Yoast SEO plugin v22.9 - https:\/\/yoast.com\/wordpress\/plugins\/seo\/ -->\n<title>\u00c1reas terap\u00e9uticas - Adacyte<\/title>\n<meta name=\"robots\" content=\"index, follow, max-snippet:-1, max-image-preview:large, max-video-preview:-1\" \/>\n<link rel=\"canonical\" href=\"https:\/\/www.adacyte.com\/therapeutic-areas\/\" \/>\n<meta property=\"og:locale\" content=\"es_ES\" \/>\n<meta property=\"og:type\" content=\"article\" \/>\n<meta property=\"og:title\" content=\"\u00c1reas terap\u00e9uticas - Adacyte\" \/>\n<meta property=\"og:description\" content=\"Solo en Europa, las enfermedades autoinmunes afectan a m\u00e1s de 27 millones de personas. La af\u00e9resis terap\u00e9utica, consistente en la adsorci\u00f3n de granulocitos y monocitos\/macr\u00f3fagos (GMA), est\u00e1 indicada para el tratamiento de varias enfermedades autoinmunes (EA). Una EA es una patolog\u00eda en la que el sistema inmunitario se convierte en el agresor del propio organismo, [&hellip;]\" \/>\n<meta property=\"og:url\" content=\"https:\/\/www.adacyte.com\/therapeutic-areas\/\" \/>\n<meta property=\"og:site_name\" content=\"Adacyte\" \/>\n<meta property=\"article:modified_time\" content=\"2021-05-27T07:40:52+00:00\" \/>\n<meta name=\"twitter:card\" content=\"summary_large_image\" \/>\n<script type=\"application\/ld+json\" class=\"yoast-schema-graph\">{\"@context\":\"https:\/\/schema.org\",\"@graph\":[{\"@type\":\"WebPage\",\"@id\":\"https:\/\/www.adacyte.com\/therapeutic-areas\/\",\"url\":\"https:\/\/www.adacyte.com\/therapeutic-areas\/\",\"name\":\"\u00c1reas terap\u00e9uticas - Adacyte\",\"isPartOf\":{\"@id\":\"https:\/\/www.adacyte.com\/#website\"},\"datePublished\":\"2021-05-27T07:40:45+00:00\",\"dateModified\":\"2021-05-27T07:40:52+00:00\",\"inLanguage\":\"es\",\"potentialAction\":[{\"@type\":\"ReadAction\",\"target\":[\"https:\/\/www.adacyte.com\/therapeutic-areas\/\"]}]},{\"@type\":\"WebSite\",\"@id\":\"https:\/\/www.adacyte.com\/#website\",\"url\":\"https:\/\/www.adacyte.com\/\",\"name\":\"Adacyte\",\"description\":\"Adacyte Therapeutics\",\"publisher\":{\"@id\":\"https:\/\/www.adacyte.com\/#organization\"},\"potentialAction\":[{\"@type\":\"SearchAction\",\"target\":{\"@type\":\"EntryPoint\",\"urlTemplate\":\"https:\/\/www.adacyte.com\/?s={search_term_string}\"},\"query-input\":\"required name=search_term_string\"}],\"inLanguage\":\"es\"},{\"@type\":\"Organization\",\"@id\":\"https:\/\/www.adacyte.com\/#organization\",\"name\":\"Adacyte\",\"url\":\"https:\/\/www.adacyte.com\/\",\"logo\":{\"@type\":\"ImageObject\",\"inLanguage\":\"es\",\"@id\":\"https:\/\/www.adacyte.com\/#\/schema\/logo\/image\/\",\"url\":\"https:\/\/www.adacyte.com\/wp-content\/uploads\/2021\/01\/logo-adacyte.svg\",\"contentUrl\":\"https:\/\/www.adacyte.com\/wp-content\/uploads\/2021\/01\/logo-adacyte.svg\",\"width\":165,\"height\":46,\"caption\":\"Adacyte\"},\"image\":{\"@id\":\"https:\/\/www.adacyte.com\/#\/schema\/logo\/image\/\"}}]}<\/script>\n<!-- \/ Yoast SEO plugin. -->","yoast_head_json":{"title":"\u00c1reas terap\u00e9uticas - Adacyte","robots":{"index":"index","follow":"follow","max-snippet":"max-snippet:-1","max-image-preview":"max-image-preview:large","max-video-preview":"max-video-preview:-1"},"canonical":"https:\/\/www.adacyte.com\/therapeutic-areas\/","og_locale":"es_ES","og_type":"article","og_title":"\u00c1reas terap\u00e9uticas - Adacyte","og_description":"Solo en Europa, las enfermedades autoinmunes afectan a m\u00e1s de 27 millones de personas. La af\u00e9resis terap\u00e9utica, consistente en la adsorci\u00f3n de granulocitos y monocitos\/macr\u00f3fagos (GMA), est\u00e1 indicada para el tratamiento de varias enfermedades autoinmunes (EA). Una EA es una patolog\u00eda en la que el sistema inmunitario se convierte en el agresor del propio organismo, [&hellip;]","og_url":"https:\/\/www.adacyte.com\/therapeutic-areas\/","og_site_name":"Adacyte","article_modified_time":"2021-05-27T07:40:52+00:00","twitter_card":"summary_large_image","schema":{"@context":"https:\/\/schema.org","@graph":[{"@type":"WebPage","@id":"https:\/\/www.adacyte.com\/therapeutic-areas\/","url":"https:\/\/www.adacyte.com\/therapeutic-areas\/","name":"\u00c1reas terap\u00e9uticas - Adacyte","isPartOf":{"@id":"https:\/\/www.adacyte.com\/#website"},"datePublished":"2021-05-27T07:40:45+00:00","dateModified":"2021-05-27T07:40:52+00:00","inLanguage":"es","potentialAction":[{"@type":"ReadAction","target":["https:\/\/www.adacyte.com\/therapeutic-areas\/"]}]},{"@type":"WebSite","@id":"https:\/\/www.adacyte.com\/#website","url":"https:\/\/www.adacyte.com\/","name":"Adacyte","description":"Adacyte Therapeutics","publisher":{"@id":"https:\/\/www.adacyte.com\/#organization"},"potentialAction":[{"@type":"SearchAction","target":{"@type":"EntryPoint","urlTemplate":"https:\/\/www.adacyte.com\/?s={search_term_string}"},"query-input":"required name=search_term_string"}],"inLanguage":"es"},{"@type":"Organization","@id":"https:\/\/www.adacyte.com\/#organization","name":"Adacyte","url":"https:\/\/www.adacyte.com\/","logo":{"@type":"ImageObject","inLanguage":"es","@id":"https:\/\/www.adacyte.com\/#\/schema\/logo\/image\/","url":"https:\/\/www.adacyte.com\/wp-content\/uploads\/2021\/01\/logo-adacyte.svg","contentUrl":"https:\/\/www.adacyte.com\/wp-content\/uploads\/2021\/01\/logo-adacyte.svg","width":165,"height":46,"caption":"Adacyte"},"image":{"@id":"https:\/\/www.adacyte.com\/#\/schema\/logo\/image\/"}}]}},"_links":{"self":[{"href":"https:\/\/www.adacyte.com\/es\/wp-json\/wp\/v2\/pages\/5142","targetHints":{"allow":["GET"]}}],"collection":[{"href":"https:\/\/www.adacyte.com\/es\/wp-json\/wp\/v2\/pages"}],"about":[{"href":"https:\/\/www.adacyte.com\/es\/wp-json\/wp\/v2\/types\/page"}],"author":[{"embeddable":true,"href":"https:\/\/www.adacyte.com\/es\/wp-json\/wp\/v2\/users\/3"}],"replies":[{"embeddable":true,"href":"https:\/\/www.adacyte.com\/es\/wp-json\/wp\/v2\/comments?post=5142"}],"version-history":[{"count":0,"href":"https:\/\/www.adacyte.com\/es\/wp-json\/wp\/v2\/pages\/5142\/revisions"}],"wp:attachment":[{"href":"https:\/\/www.adacyte.com\/es\/wp-json\/wp\/v2\/media?parent=5142"}],"curies":[{"name":"wp","href":"https:\/\/api.w.org\/{rel}","templated":true}]}}